{"id":865,"date":"2026-04-15T11:21:35","date_gmt":"2026-04-15T11:21:35","guid":{"rendered":"https:\/\/www.rescua.eu\/?page_id=865"},"modified":"2026-04-15T12:06:18","modified_gmt":"2026-04-15T12:06:18","slug":"koristne-povezave","status":"publish","type":"page","link":"https:\/\/www.rescua.eu\/en\/koristne-povezave\/","title":{"rendered":"Koristne povezave"},"content":{"rendered":"<div id=\"fws_69ebcbaddadb5\"  data-column-margin=\"default\" data-midnight=\"dark\"  class=\"wpb_row vc_row-fluid vc_row\"  style=\"padding-top: 0px; padding-bottom: 0px; \"><div class=\"row-bg-wrap\" data-bg-animation=\"none\" data-bg-animation-delay=\"\" data-bg-overlay=\"false\"><div class=\"inner-wrap row-bg-layer\" ><div class=\"row-bg viewport-desktop\"  style=\"\"><\/div><\/div><\/div><div class=\"row_col_wrap_12 col span_12 dark left\">\n\t<div  class=\"vc_col-sm-12 wpb_column column_container vc_column_container col no-extra-padding inherit_tablet inherit_phone flex_gap_desktop_10px\"  data-padding-pos=\"all\" data-has-bg-color=\"false\" data-bg-color=\"\" data-bg-opacity=\"1\" data-animation=\"\" data-delay=\"0\" >\n\t\t<div class=\"vc_column-inner\" >\n\t\t\t<div class=\"wpb_wrapper\">\n\t\t\t\t<div id=\"fws_69ebcbaddb682\" data-midnight=\"\" data-column-margin=\"default\" class=\"wpb_row vc_row-fluid vc_row inner_row\"  style=\"\"><div class=\"row-bg-wrap\"> <div class=\"row-bg\" ><\/div> <\/div><div class=\"row_col_wrap_12_inner col span_12  left\">\n\t<div  class=\"vc_col-sm-3 wpb_column column_container vc_column_container col child_column no-extra-padding inherit_tablet inherit_phone flex_gap_desktop_10px\"   data-padding-pos=\"all\" data-has-bg-color=\"false\" data-bg-color=\"\" data-bg-opacity=\"1\" data-animation=\"\" data-delay=\"0\" >\n\t\t<div class=\"vc_column-inner\" >\n\t\t<div class=\"wpb_wrapper\">\n\t\t\t\n\t<div class=\"wpb_raw_code wpb_raw_html wpb_content_element\" >\n\t\t<div class=\"wpb_wrapper\">\n\t\t\t<div style=\"max-width: 420px; border-radius: 18px; overflow: hidden; box-shadow: 0 12px 30px rgba(0,0,0,0.12); background: #ffffff; border: 1px solid #e8e8e8; font-family: Arial, sans-serif; margin: 20px 0;\">\r\n\r\n  <a href=\"https:\/\/pzs.si\/\" target=\"_blank\" rel=\"noopener noreferrer\" style=\"text-decoration: none; color: inherit; display: block;\">\r\n    \r\n    <div style=\"background: #f5f5f5; padding: 25px; display: flex; align-items: center; justify-content: center;\">\r\n      <img decoding=\"async\" src=\"https:\/\/www.rescua.eu\/wp-content\/uploads\/2026\/04\/PZS.webp\" alt=\"Planinska zveza Slovenije\" style=\"max-width: 100%; max-height: 140px; object-fit: contain;\">\r\n    <\/div>\r\n    \r\n    <div style=\"padding: 22px;\">\r\n      <div style=\"font-size: 12px; font-weight: 700; letter-spacing: 1px; text-transform: uppercase; color: #2f7d32; margin-bottom: 10px;\">\r\n        Zunanja povezava\r\n      <\/div>\r\n      \r\n      <h3 style=\"margin: 0 0 12px 0; font-size: 22px; line-height: 1.3; color: #1d1d1f;\">\r\n        Planinska zveza Slovenije\r\n      <\/h3>\r\n      \r\n      <p style=\"margin: 0 0 18px 0; font-size: 15px; line-height: 1.6; color: #555;\">\r\n        Obi\u0161\u010dite uradno spletno stran PZS za informacije o planinskih poteh, razmerah v gorah ter varnem gibanju v naravi.\r\n      <\/p>\r\n      \r\n      <span style=\"display: inline-block; background: #2f7d32; color: #fff; padding: 12px 20px; border-radius: 999px; font-size: 14px; font-weight: 700;\">\r\n        Odpri stran\r\n      <\/span>\r\n    <\/div>\r\n    \r\n  <\/a>\r\n<\/div>\n\t\t<\/div>\n\t<\/div>\n\n\t\t<\/div> \n\t<\/div>\n\t<\/div> \n\n\t<div  class=\"vc_col-sm-3 wpb_column column_container vc_column_container col child_column no-extra-padding inherit_tablet inherit_phone flex_gap_desktop_10px\"   data-padding-pos=\"all\" data-has-bg-color=\"false\" data-bg-color=\"\" data-bg-opacity=\"1\" data-animation=\"\" data-delay=\"0\" >\n\t\t<div class=\"vc_column-inner\" >\n\t\t<div class=\"wpb_wrapper\">\n\t\t\t\n\t<div class=\"wpb_raw_code wpb_raw_html wpb_content_element\" >\n\t\t<div class=\"wpb_wrapper\">\n\t\t\t<div style=\"max-width: 420px; border-radius: 18px; overflow: hidden; box-shadow: 0 12px 30px rgba(0,0,0,0.12); background: #ffffff; border: 1px solid #e8e8e8; font-family: Arial, sans-serif; margin: 20px 0;\">\r\n\r\n  <a href=\"https:\/\/www.tnp.si\/sl\/\" target=\"_blank\" rel=\"noopener noreferrer\" style=\"text-decoration: none; color: inherit; display: block;\">\r\n    \r\n    <div style=\"background: #f5f5f5; padding: 25px; display: flex; align-items: center; justify-content: center;\">\r\n      <img decoding=\"async\" src=\"https:\/\/www.rescua.eu\/wp-content\/uploads\/2026\/04\/TNP.jpg\" alt=\"Triglavski narodni park\" style=\"max-width: 100%; max-height: 140px; object-fit: contain;\">\r\n    <\/div>\r\n    \r\n    <div style=\"padding: 22px;\">\r\n      <div style=\"font-size: 12px; font-weight: 700; letter-spacing: 1px; text-transform: uppercase; color: #2f7d32; margin-bottom: 10px;\">\r\n        Zunanja povezava\r\n      <\/div>\r\n      \r\n      <h3 style=\"margin: 0 0 12px 0; font-size: 22px; line-height: 1.3; color: #1d1d1f;\">\r\n        Triglavski narodni park\r\n      <\/h3>\r\n      \r\n      <p style=\"margin: 0 0 18px 0; font-size: 15px; line-height: 1.6; color: #555;\">\r\n        Obi\u0161\u010dite uradno spletno stran TNP za pravila obiska, naravovarstvene usmeritve in koristne informacije za varen obisk parka.\r\n      <\/p>\r\n      \r\n      <span style=\"display: inline-block; background: #2f7d32; color: #fff; padding: 12px 20px; border-radius: 999px; font-size: 14px; font-weight: 700;\">\r\n        Odpri stran\r\n      <\/span>\r\n    <\/div>\r\n    \r\n  <\/a>\r\n<\/div>\n\t\t<\/div>\n\t<\/div>\n\n\t\t<\/div> \n\t<\/div>\n\t<\/div> \n\n\t<div  class=\"vc_col-sm-3 wpb_column column_container vc_column_container col child_column no-extra-padding inherit_tablet inherit_phone flex_gap_desktop_10px\"   data-padding-pos=\"all\" data-has-bg-color=\"false\" data-bg-color=\"\" data-bg-opacity=\"1\" data-animation=\"\" data-delay=\"0\" >\n\t\t<div class=\"vc_column-inner\" >\n\t\t<div class=\"wpb_wrapper\">\n\t\t\t\n\t<div class=\"wpb_raw_code wpb_raw_html wpb_content_element\" >\n\t\t<div class=\"wpb_wrapper\">\n\t\t\t<div style=\"max-width: 420px; border-radius: 18px; overflow: hidden; box-shadow: 0 12px 30px rgba(0,0,0,0.12); background: #ffffff; border: 1px solid #e8e8e8; font-family: Arial, sans-serif; margin: 20px 0;\">\r\n\r\n  <a href=\"https:\/\/www.grzs.si\/\" target=\"_blank\" rel=\"noopener noreferrer\" style=\"text-decoration: none; color: inherit; display: block;\">\r\n    \r\n    <div style=\"background: #f5f5f5; padding: 25px; display: flex; align-items: center; justify-content: center;\">\r\n      <img decoding=\"async\" src=\"https:\/\/www.rescua.eu\/wp-content\/uploads\/2026\/04\/images.jpg\" alt=\"Gorska re\u0161evalna zveza Slovenije\" style=\"max-width: 100%; max-height: 140px; object-fit: contain;\">\r\n    <\/div>\r\n    \r\n    <div style=\"padding: 22px;\">\r\n      <div style=\"font-size: 12px; font-weight: 700; letter-spacing: 1px; text-transform: uppercase; color: #2f7d32; margin-bottom: 10px;\">\r\n        Zunanja povezava\r\n      <\/div>\r\n      \r\n      <h3 style=\"margin: 0 0 12px 0; font-size: 22px; line-height: 1.3; color: #1d1d1f;\">\r\n        Gorska re\u0161evalna zveza \r\n      <\/h3>\r\n      \r\n      <p style=\"margin: 0 0 18px 0; font-size: 15px; line-height: 1.6; color: #555;\">\r\n        Klju\u010dne informacije o gorskem re\u0161evanju, varnosti v gorah ter nasveti, kako ravnati v primeru nesre\u010de.\r\n      <\/p>\r\n      \r\n      <span style=\"display: inline-block; background: #2f7d32; color: #fff; padding: 12px 20px; border-radius: 999px; font-size: 14px; font-weight: 700;\">\r\n        Odpri stran\r\n      <\/span>\r\n    <\/div>\r\n    \r\n  <\/a>\r\n<\/div>\n\t\t<\/div>\n\t<\/div>\n\n\t\t<\/div> \n\t<\/div>\n\t<\/div> \n\n\t<div  class=\"vc_col-sm-3 wpb_column column_container vc_column_container col child_column no-extra-padding inherit_tablet inherit_phone flex_gap_desktop_10px\"   data-padding-pos=\"all\" data-has-bg-color=\"false\" data-bg-color=\"\" data-bg-opacity=\"1\" data-animation=\"\" data-delay=\"0\" >\n\t\t<div class=\"vc_column-inner\" >\n\t\t<div class=\"wpb_wrapper\">\n\t\t\t\n\t<div class=\"wpb_raw_code wpb_raw_html wpb_content_element\" >\n\t\t<div class=\"wpb_wrapper\">\n\t\t\t<div style=\"max-width: 420px; border-radius: 18px; overflow: hidden; box-shadow: 0 12px 30px rgba(0,0,0,0.12); background: #ffffff; border: 1px solid #e8e8e8; font-family: Arial, sans-serif; margin: 20px 0;\">\r\n\r\n  <a href=\"https:\/\/vreme.arso.gov.si\/\" target=\"_blank\" rel=\"noopener noreferrer\" style=\"text-decoration: none; color: inherit; display: block;\">\r\n    \r\n    <div style=\"background: #f5f5f5; padding: 25px; display: flex; align-items: center; justify-content: center;\">\r\n      <img decoding=\"async\" src=\"https:\/\/www.rescua.eu\/wp-content\/uploads\/2026\/04\/NovoARSOvreme.png\" alt=\"ARSO vreme in vremenska napoved\" style=\"max-width: 100%; max-height: 140px; object-fit: contain;\">\r\n    <\/div>\r\n    \r\n    <div style=\"padding: 22px;\">\r\n      <div style=\"font-size: 12px; font-weight: 700; letter-spacing: 1px; text-transform: uppercase; color: #2f7d32; margin-bottom: 10px;\">\r\n        Zunanja povezava\r\n      <\/div>\r\n      \r\n      <h3 style=\"margin: 0 0 12px 0; font-size: 22px; line-height: 1.3; color: #1d1d1f;\">\r\n        ARSO Vreme\r\n      <\/h3>\r\n      \r\n      <p style=\"margin: 0 0 18px 0; font-size: 15px; line-height: 1.6; color: #555;\">\r\n        Zanesljiva vremenska napoved, radarska slika padavin in opozorila za varno na\u010drtovanje aktivnosti v naravi.\r\n      <\/p>\r\n      \r\n      <span style=\"display: inline-block; background: #2f7d32; color: #fff; padding: 12px 20px; border-radius: 999px; font-size: 14px; font-weight: 700;\">\r\n        Odpri stran\r\n      <\/span>\r\n    <\/div>\r\n    \r\n  <\/a>\r\n<\/div>\n\t\t<\/div>\n\t<\/div>\n\n\t\t<\/div> \n\t<\/div>\n\t<\/div> \n<\/div><\/div>\n\t\t\t<\/div> \n\t\t<\/div>\n\t<\/div> \n<\/div><\/div>\n\t\t<div id=\"fws_69ebcbaddd09a\"  data-column-margin=\"default\" data-midnight=\"dark\"  class=\"wpb_row vc_row-fluid vc_row\"  style=\"padding-top: 0px; padding-bottom: 0px; \"><div class=\"row-bg-wrap\" data-bg-animation=\"none\" data-bg-animation-delay=\"\" data-bg-overlay=\"false\"><div class=\"inner-wrap row-bg-layer\" ><div class=\"row-bg viewport-desktop\"  style=\"\"><\/div><\/div><\/div><div class=\"row_col_wrap_12 col span_12 dark left\">\n\t<div  class=\"vc_col-sm-12 wpb_column column_container vc_column_container col no-extra-padding inherit_tablet inherit_phone flex_gap_desktop_10px\"  data-padding-pos=\"all\" data-has-bg-color=\"false\" data-bg-color=\"\" data-bg-opacity=\"1\" data-animation=\"\" data-delay=\"0\" >\n\t\t<div class=\"vc_column-inner\" >\n\t\t\t<div class=\"wpb_wrapper\">\n\t\t\t\t<div id=\"fws_69ebcbaddd60a\" data-midnight=\"\" data-column-margin=\"default\" class=\"wpb_row vc_row-fluid vc_row inner_row\"  style=\"\"><div class=\"row-bg-wrap\"> <div class=\"row-bg\" ><\/div> <\/div><div class=\"row_col_wrap_12_inner col span_12  left\">\n\t<div  class=\"vc_col-sm-3 wpb_column column_container vc_column_container col child_column no-extra-padding inherit_tablet inherit_phone flex_gap_desktop_10px\"   data-padding-pos=\"all\" data-has-bg-color=\"false\" data-bg-color=\"\" data-bg-opacity=\"1\" data-animation=\"\" data-delay=\"0\" >\n\t\t<div class=\"vc_column-inner\" >\n\t\t<div class=\"wpb_wrapper\">\n\t\t\t\n\t<div class=\"wpb_raw_code wpb_raw_html wpb_content_element\" >\n\t\t<div class=\"wpb_wrapper\">\n\t\t\t<div style=\"max-width: 420px; border-radius: 18px; overflow: hidden; box-shadow: 0 12px 30px rgba(0,0,0,0.12); background: #ffffff; border: 1px solid #e8e8e8; font-family: Arial, sans-serif; margin: 20px 0;\">\r\n\r\n  <a href=\"https:\/\/www.slovenia.info\/\" target=\"_blank\" rel=\"noopener noreferrer\" style=\"text-decoration: none; color: inherit; display: block;\">\r\n    \r\n    <div style=\"background: #f5f5f5; padding: 25px; display: flex; align-items: center; justify-content: center;\">\r\n      <img decoding=\"async\" src=\"https:\/\/www.rescua.eu\/wp-content\/uploads\/2026\/04\/images-1.png\" alt=\"Slovenia.info turisti\u010dni portal Slovenije\" style=\"max-width: 100%; max-height: 140px; object-fit: contain;\">\r\n    <\/div>\r\n    \r\n    <div style=\"padding: 22px;\">\r\n      <div style=\"font-size: 12px; font-weight: 700; letter-spacing: 1px; text-transform: uppercase; color: #2f7d32; margin-bottom: 10px;\">\r\n        Zunanja povezava\r\n      <\/div>\r\n      \r\n      <h3 style=\"margin: 0 0 12px 0; font-size: 22px; line-height: 1.3; color: #1d1d1f;\">\r\n        Slovenia.info\r\n      <\/h3>\r\n      \r\n      <p style=\"margin: 0 0 18px 0; font-size: 15px; line-height: 1.6; color: #555;\">\r\n        Uradni turisti\u010dni portal Slovenije z idejami za izlete, destinacijami in informacijami za varno raziskovanje narave.\r\n      <\/p>\r\n      \r\n      <span style=\"display: inline-block; background: #2f7d32; color: #fff; padding: 12px 20px; border-radius: 999px; font-size: 14px; font-weight: 700;\">\r\n        Odpri stran\r\n      <\/span>\r\n    <\/div>\r\n    \r\n  <\/a>\r\n<\/div>\n\t\t<\/div>\n\t<\/div>\n\n\t\t<\/div> \n\t<\/div>\n\t<\/div> \n\n\t<div  class=\"vc_col-sm-3 wpb_column column_container vc_column_container col child_column no-extra-padding inherit_tablet inherit_phone flex_gap_desktop_10px\"   data-padding-pos=\"all\" data-has-bg-color=\"false\" data-bg-color=\"\" data-bg-opacity=\"1\" data-animation=\"\" data-delay=\"0\" >\n\t\t<div class=\"vc_column-inner\" >\n\t\t<div class=\"wpb_wrapper\">\n\t\t\t\n\t<div class=\"wpb_raw_code wpb_raw_html wpb_content_element\" >\n\t\t<div class=\"wpb_wrapper\">\n\t\t\t<div style=\"max-width: 420px; border-radius: 18px; overflow: hidden; box-shadow: 0 12px 30px rgba(0,0,0,0.12); background: #ffffff; border: 1px solid #e8e8e8; font-family: Arial, sans-serif; margin: 20px 0;\">\r\n\r\n  <a href=\"https:\/\/www.policija.si\/\" target=\"_blank\" rel=\"noopener noreferrer\" style=\"text-decoration: none; color: inherit; display: block;\">\r\n    \r\n    <div style=\"background: #f5f5f5; padding: 25px; display: flex; align-items: center; justify-content: center;\">\r\n      <img decoding=\"async\" src=\"https:\/\/www.rescua.eu\/wp-content\/uploads\/2026\/04\/prenos.png\" alt=\"Policija Slovenije\" style=\"max-width: 100%; max-height: 140px; object-fit: contain;\">\r\n    <\/div>\r\n    \r\n    <div style=\"padding: 22px;\">\r\n      <div style=\"font-size: 12px; font-weight: 700; letter-spacing: 1px; text-transform: uppercase; color: #2f7d32; margin-bottom: 10px;\">\r\n        Zunanja povezava\r\n      <\/div>\r\n      \r\n      <h3 style=\"margin: 0 0 12px 0; font-size: 22px; line-height: 1.3; color: #1d1d1f;\">\r\n        Policija Slovenije\r\n      <\/h3>\r\n      \r\n      <p style=\"margin: 0 0 18px 0; font-size: 15px; line-height: 1.6; color: #555;\">\r\n        Uradne informacije o varnosti, nujnih postopkih ter kontaktih v primeru nesre\u010d ali izrednih dogodkov.\r\n      <\/p>\r\n      \r\n      <span style=\"display: inline-block; background: #2f7d32; color: #fff; padding: 12px 20px; border-radius: 999px; font-size: 14px; font-weight: 700;\">\r\n        Odpri stran\r\n      <\/span>\r\n    <\/div>\r\n    \r\n  <\/a>\r\n<\/div>\n\t\t<\/div>\n\t<\/div>\n\n\t\t<\/div> \n\t<\/div>\n\t<\/div> \n\n\t<div  class=\"vc_col-sm-3 wpb_column column_container vc_column_container col child_column no-extra-padding inherit_tablet inherit_phone flex_gap_desktop_10px\"   data-padding-pos=\"all\" data-has-bg-color=\"false\" data-bg-color=\"\" data-bg-opacity=\"1\" data-animation=\"\" data-delay=\"0\" >\n\t\t<div class=\"vc_column-inner\" >\n\t\t<div class=\"wpb_wrapper\">\n\t\t\t\n\t<div class=\"wpb_raw_code wpb_raw_html wpb_content_element\" >\n\t\t<div class=\"wpb_wrapper\">\n\t\t\t<div style=\"max-width: 420px; border-radius: 18px; overflow: hidden; box-shadow: 0 12px 30px rgba(0,0,0,0.12); background: #ffffff; border: 1px solid #e8e8e8; font-family: Arial, sans-serif; margin: 20px 0;\">\r\n\r\n  <a href=\"https:\/\/slovenia-outdoor.com\/\" target=\"_blank\" rel=\"noopener noreferrer\" style=\"text-decoration: none; color: inherit; display: block;\">\r\n    \r\n    <div style=\"background: #f5f5f5; padding: 25px; display: flex; align-items: center; justify-content: center;\">\r\n      <img decoding=\"async\" src=\"https:\/\/www.rescua.eu\/wp-content\/uploads\/2026\/04\/prenos-3.jpg\" alt=\"Slovenia Outdoor aktivnosti in do\u017eivetja\" style=\"max-width: 100%; max-height: 140px; object-fit: contain;\">\r\n    <\/div>\r\n    \r\n    <div style=\"padding: 22px;\">\r\n      <div style=\"font-size: 12px; font-weight: 700; letter-spacing: 1px; text-transform: uppercase; color: #2f7d32; margin-bottom: 10px;\">\r\n        Zunanja povezava\r\n      <\/div>\r\n      \r\n      <h3 style=\"margin: 0 0 12px 0; font-size: 22px; line-height: 1.3; color: #1d1d1f;\">\r\n        Slovenia Outdoor\r\n      <\/h3>\r\n      \r\n      <p style=\"margin: 0 0 18px 0; font-size: 15px; line-height: 1.6; color: #555;\">\r\n        Pregled outdoor aktivnosti, destinacij in do\u017eivetij po Sloveniji za varno in aktivno raziskovanje narave.\r\n      <\/p>\r\n      \r\n      <span style=\"display: inline-block; background: #2f7d32; color: #fff; padding: 12px 20px; border-radius: 999px; font-size: 14px; font-weight: 700;\">\r\n        Odpri stran\r\n      <\/span>\r\n    <\/div>\r\n    \r\n  <\/a>\r\n<\/div>\n\t\t<\/div>\n\t<\/div>\n\n\t\t<\/div> \n\t<\/div>\n\t<\/div> \n\n\t<div  class=\"vc_col-sm-3 wpb_column column_container vc_column_container col child_column no-extra-padding inherit_tablet inherit_phone flex_gap_desktop_10px\"   data-padding-pos=\"all\" data-has-bg-color=\"false\" data-bg-color=\"\" data-bg-opacity=\"1\" data-animation=\"\" data-delay=\"0\" >\n\t\t<div class=\"vc_column-inner\" >\n\t\t<div class=\"wpb_wrapper\">\n\t\t\t\n\t<div class=\"wpb_raw_code wpb_raw_html wpb_content_element\" >\n\t\t<div class=\"wpb_wrapper\">\n\t\t\t<div style=\"max-width: 420px; border-radius: 18px; overflow: hidden; box-shadow: 0 12px 30px rgba(0,0,0,0.12); background: #ffffff; border: 1px solid #e8e8e8; font-family: Arial, sans-serif; margin: 20px 0;\">\r\n\r\n  <a href=\"https:\/\/www.jamarska-zveza.si\/\" target=\"_blank\" rel=\"noopener noreferrer\" style=\"text-decoration: none; color: inherit; display: block;\">\r\n    \r\n    <div style=\"background: #f5f5f5; padding: 25px; display: flex; align-items: center; justify-content: center;\">\r\n      <img decoding=\"async\" src=\"https:\/\/www.rescua.eu\/wp-content\/uploads\/2026\/04\/images.png\" alt=\"Jamarska zveza Slovenije\" style=\"max-width: 100%; max-height: 140px; object-fit: contain;\">\r\n    <\/div>\r\n    \r\n    <div style=\"padding: 22px;\">\r\n      <div style=\"font-size: 12px; font-weight: 700; letter-spacing: 1px; text-transform: uppercase; color: #2f7d32; margin-bottom: 10px;\">\r\n        Zunanja povezava\r\n      <\/div>\r\n      \r\n      <h3 style=\"margin: 0 0 12px 0; font-size: 22px; line-height: 1.3; color: #1d1d1f;\">\r\n        Jamarska zveza Slovenije\r\n      <\/h3>\r\n      \r\n      <p style=\"margin: 0 0 18px 0; font-size: 15px; line-height: 1.6; color: #555;\">\r\n        Informacije o jamarstvu, varnem raziskovanju jam ter priporo\u010dila za gibanje v podzemnem svetu.\r\n      <\/p>\r\n      \r\n      <span style=\"display: inline-block; background: #2f7d32; color: #fff; padding: 12px 20px; border-radius: 999px; font-size: 14px; font-weight: 700;\">\r\n        Odpri stran\r\n      <\/span>\r\n    <\/div>\r\n    \r\n  <\/a>\r\n<\/div>\n\t\t<\/div>\n\t<\/div>\n\n\t\t<\/div> \n\t<\/div>\n\t<\/div> \n<\/div><\/div>\n\t\t\t<\/div> \n\t\t<\/div>\n\t<\/div> \n<\/div><\/div>","protected":false},"excerpt":{"rendered":"Zunanja povezava Planinska zveza Slovenije Obi\u0161\u010dite uradno spletno stran PZS za informacije o planinskih poteh, razmerah v gorah ter varnem gibanju v naravi. Odpri stran Zunanja povezava Triglavski narodni park...","protected":false},"author":1,"featured_media":0,"parent":0,"menu_order":0,"comment_status":"closed","ping_status":"closed","template":"","meta":{"_uf_show_specific_survey":0,"_uf_disable_surveys":false,"footnotes":""},"folder":[],"class_list":["post-865","page","type-page","status-publish"],"_links":{"self":[{"href":"https:\/\/www.rescua.eu\/en\/wp-json\/wp\/v2\/pages\/865","targetHints":{"allow":["GET"]}}],"collection":[{"href":"https:\/\/www.rescua.eu\/en\/wp-json\/wp\/v2\/pages"}],"about":[{"href":"https:\/\/www.rescua.eu\/en\/wp-json\/wp\/v2\/types\/page"}],"author":[{"embeddable":true,"href":"https:\/\/www.rescua.eu\/en\/wp-json\/wp\/v2\/users\/1"}],"replies":[{"embeddable":true,"href":"https:\/\/www.rescua.eu\/en\/wp-json\/wp\/v2\/comments?post=865"}],"version-history":[{"count":13,"href":"https:\/\/www.rescua.eu\/en\/wp-json\/wp\/v2\/pages\/865\/revisions"}],"predecessor-version":[{"id":895,"href":"https:\/\/www.rescua.eu\/en\/wp-json\/wp\/v2\/pages\/865\/revisions\/895"}],"wp:attachment":[{"href":"https:\/\/www.rescua.eu\/en\/wp-json\/wp\/v2\/media?parent=865"}],"wp:term":[{"taxonomy":"folder","embeddable":true,"href":"https:\/\/www.rescua.eu\/en\/wp-json\/wp\/v2\/folder?post=865"}],"curies":[{"name":"wp","href":"https:\/\/api.w.org\/{rel}","templated":true}]}}